{"id":4787,"date":"2018-06-04T11:47:07","date_gmt":"2018-06-04T11:47:07","guid":{"rendered":"http:\/\/www.veg-sys.de\/wp\/?page_id=4787"},"modified":"2022-01-27T18:55:35","modified_gmt":"2022-01-27T18:55:35","slug":"produkte-2-2","status":"publish","type":"page","link":"https:\/\/www.veg-sys.de\/wp\/?page_id=4787","title":{"rendered":"Anwendungsbeispiele Moosmatte Dach"},"content":{"rendered":"<section class=\"kc-elm kc-css-512825 kc_row\"><div class=\"kc-row-container  kc-container\"><div class=\"kc-wrap-columns\"><div class=\"kc-elm kc-css-775157 kc_col-sm-12 kc_column kc_col-sm-12\"><div class=\"kc-col-container\"><style>#jtg-5359 .modula-item .jtg-social a, .lightbox-socials.jtg-social a{ color: #ffffff }#jtg-5359 .modula-item .jtg-social svg, .lightbox-socials.jtg-social svg { height: 16px; width: 16px }#jtg-5359 .modula-item .jtg-social a:not(:last-child), .lightbox-socials.jtg-social a:not(:last-child) { margin-right: 20px }#jtg-5359 .modula-item .figc {color:#ffffff;}#jtg-5359 .modula-item .figc .jtg-title {  font-size: 20px; }#jtg-5359 .modula-item .modula-item-content { transform: scale(1) }#jtg-5359 { width:100%;}#jtg-5359 .modula-items{height:800px;}#jtg-5359 .modula-items .figc p.description { font-size:15px; }#jtg-5359 .modula-items .figc p.description { color:#ffffff;}#jtg-5359.modula-gallery .modula-item > a, #jtg-5359.modula-gallery .modula-item, #jtg-5359.modula-gallery .modula-item-content > a { cursor:zoom-in; } @media screen and (max-width:480px){#jtg-5359 .modula-item .figc .jtg-title {  font-size: 12px; }#jtg-5359 .modula-items .figc p.description { color:#ffffff;font-size:10px; }}<\/style>\n<!-- Gallery Container -->\n<div  id=\"jtg-5359\" class=\"modula modula-gallery modula-creative-gallery\" data-config=\"{&quot;height&quot;:800,&quot;enableTwitter&quot;:false,&quot;enableWhatsapp&quot;:false,&quot;enableFacebook&quot;:false,&quot;enablePinterest&quot;:false,&quot;enableLinkedin&quot;:false,&quot;enableEmail&quot;:false,&quot;randomFactor&quot;:0.62,&quot;type&quot;:&quot;creative-gallery&quot;,&quot;columns&quot;:12,&quot;gutter&quot;:10,&quot;mobileGutter&quot;:10,&quot;tabletGutter&quot;:10,&quot;desktopGutter&quot;:10,&quot;enableResponsive&quot;:&quot;0&quot;,&quot;tabletColumns&quot;:&quot;2&quot;,&quot;mobileColumns&quot;:&quot;1&quot;,&quot;lazyLoad&quot;:&quot;0&quot;,&quot;lightboxOpts&quot;:{&quot;loop&quot;:false,&quot;arrows&quot;:true,&quot;toolbar&quot;:true,&quot;keyboard&quot;:false,&quot;wheel&quot;:false,&quot;buttons&quot;:[&quot;close&quot;],&quot;hash&quot;:false,&quot;lang&quot;:&quot;en&quot;,&quot;touch&quot;:false,&quot;protect&quot;:false,&quot;i18n&quot;:{&quot;en&quot;:{&quot;CLOSE&quot;:&quot;Close&quot;,&quot;NEXT&quot;:&quot;Next&quot;,&quot;PREV&quot;:&quot;Previous&quot;,&quot;Error&quot;:&quot;The requested content cannot be loaded. Please try again later.&quot;,&quot;PLAY_START&quot;:&quot;Start slideshow&quot;,&quot;PLAY_STOP&quot;:&quot;Pause slideshow&quot;,&quot;FULL_SCREEN&quot;:&quot;Full screen&quot;,&quot;THUMBS&quot;:&quot;Thumbnails&quot;,&quot;DOWNLOAD&quot;:&quot;Download&quot;,&quot;SHARE&quot;:&quot;Share&quot;,&quot;ZOOM&quot;:&quot;Zoom&quot;}},&quot;clickSlide&quot;:false,&quot;clickOutside&quot;:false,&quot;dblclickContent&quot;:false,&quot;dblclickSlide&quot;:false,&quot;dblclickOutside&quot;:false,&quot;clickContent&quot;:false,&quot;baseTpl&quot;:&quot;&lt;div class=\\&quot;modula-fancybox-container modula-lightbox-jtg-5359\\&quot; role=\\&quot;dialog\\&quot; tabindex=\\&quot;-1\\&quot;&gt;&lt;div class=\\&quot;modula-fancybox-bg\\&quot;&gt;&lt;\\\/div&gt;&lt;div class=\\&quot;modula-fancybox-inner\\&quot;&gt;&lt;div class=\\&quot;modula-fancybox-infobar\\&quot;&gt;&lt;span data-fancybox-index&gt;&lt;\\\/span&gt;&nbsp;\\\/&nbsp;&lt;span data-fancybox-count&gt;&lt;\\\/span&gt;&lt;\\\/div&gt;&lt;div class=\\&quot;modula-fancybox-toolbar\\&quot;&gt;{{buttons}}&lt;\\\/div&gt;&lt;div class=\\&quot;modula-fancybox-navigation\\&quot;&gt;{{arrows}}&lt;\\\/div&gt;&lt;div class=\\&quot;modula-fancybox-stage\\&quot;&gt;&lt;\\\/div&gt;&lt;div class=\\&quot;modula-fancybox-caption\\&quot;&gt;&lt;div class=\\&quot;modula-fancybox-caption__body\\&quot;&gt;&lt;\\\/div&gt;&lt;\\\/div&gt;&lt;\\\/div&gt;&lt;\\\/div&gt;&quot;},&quot;inView&quot;:false,&quot;email_subject&quot;:&quot;Check out this awesome image !!&quot;,&quot;email_message&quot;:&quot;Here is the link to the image : %%image_link%% and this is the link to the gallery : %%gallery_link%%&quot;,&quot;lightbox&quot;:&quot;fancybox&quot;}\">\n\n\t\n\t<!-- Items Container -->\n\t<div  class=\"modula-items\">\n\t\t<div class=\"modula-item effect-pufrobo\" >\n\t<div class=\"modula-item-overlay\"><\/div>\n\n\t<div class=\"modula-item-content\">\n\n\t\t\t\t\n\t\t\t\t\t<a data-image-id=\"4727\" href=\"https:\/\/www.veg-sys.de\/wp\/wp-content\/uploads\/2018\/05\/Hallendach_Denkfabrik_Gartenheim_Hannover_nach-2-Jahren.jpg\" data-elementor-open-lightbox=\"no\" rel=\"jtg-5359\" data-caption=\"Hallendach Denkfabrik Gartenheim Hannover mit Moosmatte, Ausf\u00fchrung 2013\" class=\"tile-inner modula-item-link\"><\/a>\n\t\t\n\t\t<img class=\"pic\"  data-valign=\"middle\" data-halign=\"center\" alt=\"\" data-full=\"http:\/\/www.veg-sys.de\/wp\/wp-content\/uploads\/2018\/05\/Hallendach_Denkfabrik_Gartenheim_Hannover_nach-2-Jahren.jpg\" title=\"\" width=\"300\" height=\"119\" src=\"https:\/\/www.veg-sys.de\/wp\/wp-content\/uploads\/2018\/05\/Hallendach_Denkfabrik_Gartenheim_Hannover_nach-2-Jahren-300x119.jpg\" data-src=\"https:\/\/www.veg-sys.de\/wp\/wp-content\/uploads\/2018\/05\/Hallendach_Denkfabrik_Gartenheim_Hannover_nach-2-Jahren-300x119.jpg\" data-caption=\"Hallendach Denkfabrik Gartenheim Hannover mit Moosmatte, Ausf\u00fchrung 2013\"srcset=\"https:\/\/www.veg-sys.de\/wp\/wp-content\/uploads\/2018\/05\/Hallendach_Denkfabrik_Gartenheim_Hannover_nach-2-Jahren-300x119.jpg 300w, https:\/\/www.veg-sys.de\/wp\/wp-content\/uploads\/2018\/05\/Hallendach_Denkfabrik_Gartenheim_Hannover_nach-2-Jahren-768x306.jpg 768w, https:\/\/www.veg-sys.de\/wp\/wp-content\/uploads\/2018\/05\/Hallendach_Denkfabrik_Gartenheim_Hannover_nach-2-Jahren-1024x408.jpg 1024w\" sizes=\"(max-width: 300px) 100vw, 300px\"\" \/>\n\t\t<div class=\"figc\">\n\t\t\t<div class=\"figc-inner\">\n\t\t\t\t\t\t\t\t\t\t\t\t\t<p class=\"description\">Hallendach Denkfabrik Gartenheim Hannover mit Moosmatte, Ausf\u00fchrung 2013<\/p>\n\t\t\t\t\t\t\t\t\t\t\t\t\t<div class=\"jtg-social\">\n\t\t\t\t\t\t\t\t\t\t\t\t\t\t\t\t\t\t\t\t\t\t\t\t\t\t\t\t\t\t\t\t\t\t\t\t\t\t\t\t\t\t\t\t\t\t\t<\/div>\n\t\t\t\t\t\t\t<\/div>\n\t\t<\/div>\n\n\t<\/div>\n\n<\/div><div class=\"modula-item effect-pufrobo\" >\n\t<div class=\"modula-item-overlay\"><\/div>\n\n\t<div class=\"modula-item-content\">\n\n\t\t\t\t\n\t\t\t\t\t<a data-image-id=\"4711\" href=\"https:\/\/www.veg-sys.de\/wp\/wp-content\/uploads\/2018\/05\/Schmallenberg_1-2.jpg\" data-elementor-open-lightbox=\"no\" rel=\"jtg-5359\" data-caption=\"Multifunktionsgeb\u00e4ude: Carport und Abschlagplatz, Dachbegr\u00fcnung mit Moosmatte, Golfclub Schmallenberg 280 m\u00b2, Ausf\u00fchrung 2008\" class=\"tile-inner modula-item-link\"><\/a>\n\t\t\n\t\t<img class=\"pic\"  data-valign=\"middle\" data-halign=\"center\" alt=\"\" data-full=\"http:\/\/www.veg-sys.de\/wp\/wp-content\/uploads\/2018\/05\/Schmallenberg_1-2.jpg\" title=\"\" width=\"300\" height=\"225\" src=\"https:\/\/www.veg-sys.de\/wp\/wp-content\/uploads\/2018\/05\/Schmallenberg_1-2-300x225.jpg\" data-src=\"https:\/\/www.veg-sys.de\/wp\/wp-content\/uploads\/2018\/05\/Schmallenberg_1-2-300x225.jpg\" data-caption=\"Multifunktionsgeb\u00e4ude: Carport und Abschlagplatz, Dachbegr\u00fcnung mit Moosmatte, Golfclub Schmallenberg 280 m\u00b2, Ausf\u00fchrung 2008\"srcset=\"https:\/\/www.veg-sys.de\/wp\/wp-content\/uploads\/2018\/05\/Schmallenberg_1-2-300x225.jpg 300w, https:\/\/www.veg-sys.de\/wp\/wp-content\/uploads\/2018\/05\/Schmallenberg_1-2-768x576.jpg 768w, https:\/\/www.veg-sys.de\/wp\/wp-content\/uploads\/2018\/05\/Schmallenberg_1-2-1024x768.jpg 1024w\" sizes=\"(max-width: 300px) 100vw, 300px\"\" \/>\n\t\t<div class=\"figc\">\n\t\t\t<div class=\"figc-inner\">\n\t\t\t\t\t\t\t\t\t\t\t\t\t<p class=\"description\">Multifunktionsgeb\u00e4ude: Carport und Abschlagplatz, Dachbegr\u00fcnung mit Moosmatte, Golfclub Schmallenberg 280 m\u00b2, Ausf\u00fchrung 2008<\/p>\n\t\t\t\t\t\t\t\t\t\t\t\t\t<div class=\"jtg-social\">\n\t\t\t\t\t\t\t\t\t\t\t\t\t\t\t\t\t\t\t\t\t\t\t\t\t\t\t\t\t\t\t\t\t\t\t\t\t\t\t\t\t\t\t\t\t\t\t<\/div>\n\t\t\t\t\t\t\t<\/div>\n\t\t<\/div>\n\n\t<\/div>\n\n<\/div><div class=\"modula-item effect-pufrobo\" >\n\t<div class=\"modula-item-overlay\"><\/div>\n\n\t<div class=\"modula-item-content\">\n\n\t\t\t\t\n\t\t\t\t\t<a data-image-id=\"4710\" href=\"https:\/\/www.veg-sys.de\/wp\/wp-content\/uploads\/2018\/05\/Viborg_Moensted_3.jpg\" data-elementor-open-lightbox=\"no\" rel=\"jtg-5359\" data-caption=\"Wohnhaus Moensted-Viborg mit Moosmatten-Dach, D\u00e4nemark, 120 m\u00b2, Ausf\u00fchrung 2012\" class=\"tile-inner modula-item-link\"><\/a>\n\t\t\n\t\t<img class=\"pic\"  data-valign=\"middle\" data-halign=\"center\" alt=\"\" data-full=\"http:\/\/www.veg-sys.de\/wp\/wp-content\/uploads\/2018\/05\/Viborg_Moensted_3.jpg\" title=\"\" width=\"300\" height=\"225\" src=\"https:\/\/www.veg-sys.de\/wp\/wp-content\/uploads\/2018\/05\/Viborg_Moensted_3-300x225.jpg\" data-src=\"https:\/\/www.veg-sys.de\/wp\/wp-content\/uploads\/2018\/05\/Viborg_Moensted_3-300x225.jpg\" data-caption=\"Wohnhaus Moensted-Viborg mit Moosmatten-Dach, D\u00e4nemark, 120 m\u00b2, Ausf\u00fchrung 2012\"srcset=\"https:\/\/www.veg-sys.de\/wp\/wp-content\/uploads\/2018\/05\/Viborg_Moensted_3-300x225.jpg 300w, https:\/\/www.veg-sys.de\/wp\/wp-content\/uploads\/2018\/05\/Viborg_Moensted_3-768x576.jpg 768w, https:\/\/www.veg-sys.de\/wp\/wp-content\/uploads\/2018\/05\/Viborg_Moensted_3-1024x768.jpg 1024w\" sizes=\"(max-width: 300px) 100vw, 300px\"\" \/>\n\t\t<div class=\"figc\">\n\t\t\t<div class=\"figc-inner\">\n\t\t\t\t\t\t\t\t\t\t\t\t\t<p class=\"description\">Wohnhaus Moensted-Viborg mit Moosmatten-Dach, D\u00e4nemark, 120 m\u00b2, Ausf\u00fchrung 2012<\/p>\n\t\t\t\t\t\t\t\t\t\t\t\t\t<div class=\"jtg-social\">\n\t\t\t\t\t\t\t\t\t\t\t\t\t\t\t\t\t\t\t\t\t\t\t\t\t\t\t\t\t\t\t\t\t\t\t\t\t\t\t\t\t\t\t\t\t\t\t<\/div>\n\t\t\t\t\t\t\t<\/div>\n\t\t<\/div>\n\n\t<\/div>\n\n<\/div><div class=\"modula-item effect-pufrobo\" >\n\t<div class=\"modula-item-overlay\"><\/div>\n\n\t<div class=\"modula-item-content\">\n\n\t\t\t\t\n\t\t\t\t\t<a data-image-id=\"4673\" href=\"https:\/\/www.veg-sys.de\/wp\/wp-content\/uploads\/2018\/05\/Carport_Harderlev-1.jpg\" data-elementor-open-lightbox=\"no\" rel=\"jtg-5359\" data-caption=\"Carport Harderslev mit Moosmatte, D\u00e4nemark 25 m\u00b2, Ausf\u00fchrung 2011\" class=\"tile-inner modula-item-link\"><\/a>\n\t\t\n\t\t<img class=\"pic\"  data-valign=\"middle\" data-halign=\"center\" alt=\"\" data-full=\"http:\/\/www.veg-sys.de\/wp\/wp-content\/uploads\/2018\/05\/Carport_Harderlev-1.jpg\" title=\"\" width=\"300\" height=\"225\" src=\"https:\/\/www.veg-sys.de\/wp\/wp-content\/uploads\/2018\/05\/Carport_Harderlev-1-300x225.jpg\" data-src=\"https:\/\/www.veg-sys.de\/wp\/wp-content\/uploads\/2018\/05\/Carport_Harderlev-1-300x225.jpg\" data-caption=\"Carport Harderslev mit Moosmatte, D\u00e4nemark 25 m\u00b2, Ausf\u00fchrung 2011\"srcset=\"https:\/\/www.veg-sys.de\/wp\/wp-content\/uploads\/2018\/05\/Carport_Harderlev-1-300x225.jpg 300w, https:\/\/www.veg-sys.de\/wp\/wp-content\/uploads\/2018\/05\/Carport_Harderlev-1-768x576.jpg 768w, https:\/\/www.veg-sys.de\/wp\/wp-content\/uploads\/2018\/05\/Carport_Harderlev-1-1024x768.jpg 1024w\" sizes=\"(max-width: 300px) 100vw, 300px\"\" \/>\n\t\t<div class=\"figc\">\n\t\t\t<div class=\"figc-inner\">\n\t\t\t\t\t\t\t\t\t\t\t\t\t<p class=\"description\">Carport Harderslev mit Moosmatte, D\u00e4nemark 25 m\u00b2, Ausf\u00fchrung 2011<\/p>\n\t\t\t\t\t\t\t\t\t\t\t\t\t<div class=\"jtg-social\">\n\t\t\t\t\t\t\t\t\t\t\t\t\t\t\t\t\t\t\t\t\t\t\t\t\t\t\t\t\t\t\t\t\t\t\t\t\t\t\t\t\t\t\t\t\t\t\t<\/div>\n\t\t\t\t\t\t\t<\/div>\n\t\t<\/div>\n\n\t<\/div>\n\n<\/div><div class=\"modula-item effect-pufrobo\" >\n\t<div class=\"modula-item-overlay\"><\/div>\n\n\t<div class=\"modula-item-content\">\n\n\t\t\t\t\n\t\t\t\t\t<a data-image-id=\"4685\" href=\"https:\/\/www.veg-sys.de\/wp\/wp-content\/uploads\/2018\/05\/Viborg_Moensted_1-1.jpg\" data-elementor-open-lightbox=\"no\" rel=\"jtg-5359\" data-caption=\"Ger\u00e4teschuppen mit Moosdach, Viborg, D\u00e4nemark 15 m\u00b2, Ausf\u00fchrung 2011\" class=\"tile-inner modula-item-link\"><\/a>\n\t\t\n\t\t<img class=\"pic\"  data-valign=\"middle\" data-halign=\"center\" alt=\"\" data-full=\"http:\/\/www.veg-sys.de\/wp\/wp-content\/uploads\/2018\/05\/Viborg_Moensted_1-1.jpg\" title=\"\" width=\"300\" height=\"225\" src=\"https:\/\/www.veg-sys.de\/wp\/wp-content\/uploads\/2018\/05\/Viborg_Moensted_1-1-300x225.jpg\" data-src=\"https:\/\/www.veg-sys.de\/wp\/wp-content\/uploads\/2018\/05\/Viborg_Moensted_1-1-300x225.jpg\" data-caption=\"Ger\u00e4teschuppen mit Moosdach, Viborg, D\u00e4nemark 15 m\u00b2, Ausf\u00fchrung 2011\"srcset=\"https:\/\/www.veg-sys.de\/wp\/wp-content\/uploads\/2018\/05\/Viborg_Moensted_1-1-300x225.jpg 300w, https:\/\/www.veg-sys.de\/wp\/wp-content\/uploads\/2018\/05\/Viborg_Moensted_1-1-768x576.jpg 768w, https:\/\/www.veg-sys.de\/wp\/wp-content\/uploads\/2018\/05\/Viborg_Moensted_1-1-1024x768.jpg 1024w\" sizes=\"(max-width: 300px) 100vw, 300px\"\" \/>\n\t\t<div class=\"figc\">\n\t\t\t<div class=\"figc-inner\">\n\t\t\t\t\t\t\t\t\t\t\t\t\t<p class=\"description\">Ger\u00e4teschuppen mit Moosdach, Viborg, D\u00e4nemark 15 m\u00b2, Ausf\u00fchrung 2011<\/p>\n\t\t\t\t\t\t\t\t\t\t\t\t\t<div class=\"jtg-social\">\n\t\t\t\t\t\t\t\t\t\t\t\t\t\t\t\t\t\t\t\t\t\t\t\t\t\t\t\t\t\t\t\t\t\t\t\t\t\t\t\t\t\t\t\t\t\t\t<\/div>\n\t\t\t\t\t\t\t<\/div>\n\t\t<\/div>\n\n\t<\/div>\n\n<\/div><div class=\"modula-item effect-pufrobo\" >\n\t<div class=\"modula-item-overlay\"><\/div>\n\n\t<div class=\"modula-item-content\">\n\n\t\t\t\t\n\t\t\t\t\t<a data-image-id=\"4680\" href=\"https:\/\/www.veg-sys.de\/wp\/wp-content\/uploads\/2018\/05\/P1010034-1.jpg\" data-elementor-open-lightbox=\"no\" rel=\"jtg-5359\" data-caption=\"Ger\u00e4tehaus mit Moosdach, Haderslev, D\u00e4nemark 90 m\u00b2, Ausf\u00fchrung 2012\" class=\"tile-inner modula-item-link\"><\/a>\n\t\t\n\t\t<img class=\"pic\"  data-valign=\"middle\" data-halign=\"center\" alt=\"\" data-full=\"http:\/\/www.veg-sys.de\/wp\/wp-content\/uploads\/2018\/05\/P1010034-1.jpg\" title=\"\" width=\"225\" height=\"300\" src=\"https:\/\/www.veg-sys.de\/wp\/wp-content\/uploads\/2018\/05\/P1010034-1-225x300.jpg\" data-src=\"https:\/\/www.veg-sys.de\/wp\/wp-content\/uploads\/2018\/05\/P1010034-1-225x300.jpg\" data-caption=\"Ger\u00e4tehaus mit Moosdach, Haderslev, D\u00e4nemark 90 m\u00b2, Ausf\u00fchrung 2012\"srcset=\"https:\/\/www.veg-sys.de\/wp\/wp-content\/uploads\/2018\/05\/P1010034-1-225x300.jpg 225w, https:\/\/www.veg-sys.de\/wp\/wp-content\/uploads\/2018\/05\/P1010034-1-768x1024.jpg 768w\" sizes=\"(max-width: 225px) 100vw, 225px\"\" \/>\n\t\t<div class=\"figc\">\n\t\t\t<div class=\"figc-inner\">\n\t\t\t\t\t\t\t\t\t\t\t\t\t<p class=\"description\">Ger\u00e4tehaus mit Moosdach, Haderslev, D\u00e4nemark 90 m\u00b2, Ausf\u00fchrung 2012<\/p>\n\t\t\t\t\t\t\t\t\t\t\t\t\t<div class=\"jtg-social\">\n\t\t\t\t\t\t\t\t\t\t\t\t\t\t\t\t\t\t\t\t\t\t\t\t\t\t\t\t\t\t\t\t\t\t\t\t\t\t\t\t\t\t\t\t\t\t\t<\/div>\n\t\t\t\t\t\t\t<\/div>\n\t\t<\/div>\n\n\t<\/div>\n\n<\/div><div class=\"modula-item effect-pufrobo\" >\n\t<div class=\"modula-item-overlay\"><\/div>\n\n\t<div class=\"modula-item-content\">\n\n\t\t\t\t\n\t\t\t\t\t<a data-image-id=\"4672\" href=\"https:\/\/www.veg-sys.de\/wp\/wp-content\/uploads\/2018\/05\/Atrium-mit-Moosmatte-1.jpg\" data-elementor-open-lightbox=\"no\" rel=\"jtg-5359\" data-caption=\"Atrium mit Moosdach, Multifunktionshaus, Aalborg, D\u00e4nemark 1680 m\u00b2, Ausf\u00fchrung 2012\" class=\"tile-inner modula-item-link\"><\/a>\n\t\t\n\t\t<img class=\"pic\"  data-valign=\"middle\" data-halign=\"center\" alt=\"\" data-full=\"http:\/\/www.veg-sys.de\/wp\/wp-content\/uploads\/2018\/05\/Atrium-mit-Moosmatte-1.jpg\" title=\"\" width=\"300\" height=\"225\" src=\"https:\/\/www.veg-sys.de\/wp\/wp-content\/uploads\/2018\/05\/Atrium-mit-Moosmatte-1-300x225.jpg\" data-src=\"https:\/\/www.veg-sys.de\/wp\/wp-content\/uploads\/2018\/05\/Atrium-mit-Moosmatte-1-300x225.jpg\" data-caption=\"Atrium mit Moosdach, Multifunktionshaus, Aalborg, D\u00e4nemark 1680 m\u00b2, Ausf\u00fchrung 2012\"srcset=\"https:\/\/www.veg-sys.de\/wp\/wp-content\/uploads\/2018\/05\/Atrium-mit-Moosmatte-1-300x225.jpg 300w, https:\/\/www.veg-sys.de\/wp\/wp-content\/uploads\/2018\/05\/Atrium-mit-Moosmatte-1-768x576.jpg 768w, https:\/\/www.veg-sys.de\/wp\/wp-content\/uploads\/2018\/05\/Atrium-mit-Moosmatte-1-1024x768.jpg 1024w\" sizes=\"(max-width: 300px) 100vw, 300px\"\" \/>\n\t\t<div class=\"figc\">\n\t\t\t<div class=\"figc-inner\">\n\t\t\t\t\t\t\t\t\t\t\t\t\t<p class=\"description\">Atrium mit Moosdach, Multifunktionshaus, Aalborg, D\u00e4nemark 1680 m\u00b2, Ausf\u00fchrung 2012<\/p>\n\t\t\t\t\t\t\t\t\t\t\t\t\t<div class=\"jtg-social\">\n\t\t\t\t\t\t\t\t\t\t\t\t\t\t\t\t\t\t\t\t\t\t\t\t\t\t\t\t\t\t\t\t\t\t\t\t\t\t\t\t\t\t\t\t\t\t\t<\/div>\n\t\t\t\t\t\t\t<\/div>\n\t\t<\/div>\n\n\t<\/div>\n\n<\/div><div class=\"modula-item effect-pufrobo\" >\n\t<div class=\"modula-item-overlay\"><\/div>\n\n\t<div class=\"modula-item-content\">\n\n\t\t\t\t\n\t\t\t\t\t<a data-image-id=\"4681\" href=\"https:\/\/www.veg-sys.de\/wp\/wp-content\/uploads\/2018\/05\/Photovoltaikdach-Aalborg-1.jpg\" data-elementor-open-lightbox=\"no\" rel=\"jtg-5359\" data-caption=\"Photovoltaikdach mit Moosmatte, Multifunktionshaus, Aalborg, D\u00e4nemark, Projektgr\u00f6\u00dfe 1680 m\u00b2, Ausf\u00fchrung 2012\" class=\"tile-inner modula-item-link\"><\/a>\n\t\t\n\t\t<img class=\"pic\"  data-valign=\"middle\" data-halign=\"center\" alt=\"\" data-full=\"http:\/\/www.veg-sys.de\/wp\/wp-content\/uploads\/2018\/05\/Photovoltaikdach-Aalborg-1.jpg\" title=\"\" width=\"300\" height=\"225\" src=\"https:\/\/www.veg-sys.de\/wp\/wp-content\/uploads\/2018\/05\/Photovoltaikdach-Aalborg-1-300x225.jpg\" data-src=\"https:\/\/www.veg-sys.de\/wp\/wp-content\/uploads\/2018\/05\/Photovoltaikdach-Aalborg-1-300x225.jpg\" data-caption=\"Photovoltaikdach mit Moosmatte, Multifunktionshaus, Aalborg, D\u00e4nemark, Projektgr\u00f6\u00dfe 1680 m\u00b2, Ausf\u00fchrung 2012\"srcset=\"https:\/\/www.veg-sys.de\/wp\/wp-content\/uploads\/2018\/05\/Photovoltaikdach-Aalborg-1-300x225.jpg 300w, https:\/\/www.veg-sys.de\/wp\/wp-content\/uploads\/2018\/05\/Photovoltaikdach-Aalborg-1-768x576.jpg 768w, https:\/\/www.veg-sys.de\/wp\/wp-content\/uploads\/2018\/05\/Photovoltaikdach-Aalborg-1-1024x768.jpg 1024w\" sizes=\"(max-width: 300px) 100vw, 300px\"\" \/>\n\t\t<div class=\"figc\">\n\t\t\t<div class=\"figc-inner\">\n\t\t\t\t\t\t\t\t\t\t\t\t\t<p class=\"description\">Photovoltaikdach mit Moosmatte, Multifunktionshaus, Aalborg, D\u00e4nemark, Projektgr\u00f6\u00dfe 1680 m\u00b2, Ausf\u00fchrung 2012<\/p>\n\t\t\t\t\t\t\t\t\t\t\t\t\t<div class=\"jtg-social\">\n\t\t\t\t\t\t\t\t\t\t\t\t\t\t\t\t\t\t\t\t\t\t\t\t\t\t\t\t\t\t\t\t\t\t\t\t\t\t\t\t\t\t\t\t\t\t\t<\/div>\n\t\t\t\t\t\t\t<\/div>\n\t\t<\/div>\n\n\t<\/div>\n\n<\/div><div class=\"modula-item effect-pufrobo\" >\n\t<div class=\"modula-item-overlay\"><\/div>\n\n\t<div class=\"modula-item-content\">\n\n\t\t\t\t\n\t\t\t\t\t<a data-image-id=\"4683\" href=\"https:\/\/www.veg-sys.de\/wp\/wp-content\/uploads\/2018\/05\/PICT3644-1.jpg\" data-elementor-open-lightbox=\"no\" rel=\"jtg-5359\" data-caption=\"Ger\u00e4teschuppen einer Sportanlage mit Welldach, Fixierung der Moosmatte durch Rollkies, Design Architekt Wirtzm\u00fcller, Ausf\u00fchrung 2014\" class=\"tile-inner modula-item-link\"><\/a>\n\t\t\n\t\t<img class=\"pic\"  data-valign=\"middle\" data-halign=\"center\" alt=\"\" data-full=\"http:\/\/www.veg-sys.de\/wp\/wp-content\/uploads\/2018\/05\/PICT3644-1.jpg\" title=\"\" width=\"300\" height=\"225\" src=\"https:\/\/www.veg-sys.de\/wp\/wp-content\/uploads\/2018\/05\/PICT3644-1-300x225.jpg\" data-src=\"https:\/\/www.veg-sys.de\/wp\/wp-content\/uploads\/2018\/05\/PICT3644-1-300x225.jpg\" data-caption=\"Ger\u00e4teschuppen einer Sportanlage mit Welldach, Fixierung der Moosmatte durch Rollkies, Design Architekt Wirtzm\u00fcller, Ausf\u00fchrung 2014\"srcset=\"https:\/\/www.veg-sys.de\/wp\/wp-content\/uploads\/2018\/05\/PICT3644-1-300x225.jpg 300w, https:\/\/www.veg-sys.de\/wp\/wp-content\/uploads\/2018\/05\/PICT3644-1-768x576.jpg 768w, https:\/\/www.veg-sys.de\/wp\/wp-content\/uploads\/2018\/05\/PICT3644-1-1024x768.jpg 1024w, https:\/\/www.veg-sys.de\/wp\/wp-content\/uploads\/2018\/05\/PICT3644-1.jpg 1280w\" sizes=\"(max-width: 300px) 100vw, 300px\"\" \/>\n\t\t<div class=\"figc\">\n\t\t\t<div class=\"figc-inner\">\n\t\t\t\t\t\t\t\t\t\t\t\t\t<p class=\"description\">Ger\u00e4teschuppen einer Sportanlage mit Welldach, Fixierung der Moosmatte durch Rollkies, Design Architekt Wirtzm\u00fcller, Ausf\u00fchrung 2014<\/p>\n\t\t\t\t\t\t\t\t\t\t\t\t\t<div class=\"jtg-social\">\n\t\t\t\t\t\t\t\t\t\t\t\t\t\t\t\t\t\t\t\t\t\t\t\t\t\t\t\t\t\t\t\t\t\t\t\t\t\t\t\t\t\t\t\t\t\t\t<\/div>\n\t\t\t\t\t\t\t<\/div>\n\t\t<\/div>\n\n\t<\/div>\n\n<\/div>\t\t\n\t<\/div>\n\n\t\n\t\n\t<script type=\"application\/ld+json\">\n\t{\n\t\t\"@context\": \"http:\/\/schema.org\",\n\t\t\"@type\"   : \"ImageGallery\",\n\t\t\"id\"      : \"https:\/\/www.veg-sys.de\/wp\",\n\t\t\"url\"     : \"https:\/\/www.veg-sys.de\/wp\"\n\t}\n\n    <\/script>\n\n\t\n<\/div><div class=\"kc-elm kc-css-190876 kc_text_block\"><\/p>\n<p>\n<\/div><\/div><\/div><\/div><\/div><\/section>\n","protected":false},"excerpt":{"rendered":"","protected":false},"author":1,"featured_media":0,"parent":1942,"menu_order":4,"comment_status":"closed","ping_status":"closed","template":"","meta":[],"_links":{"self":[{"href":"https:\/\/www.veg-sys.de\/wp\/index.php?rest_route=\/wp\/v2\/pages\/4787"}],"collection":[{"href":"https:\/\/www.veg-sys.de\/wp\/index.php?rest_route=\/wp\/v2\/pages"}],"about":[{"href":"https:\/\/www.veg-sys.de\/wp\/index.php?rest_route=\/wp\/v2\/types\/page"}],"author":[{"embeddable":true,"href":"https:\/\/www.veg-sys.de\/wp\/index.php?rest_route=\/wp\/v2\/users\/1"}],"replies":[{"embeddable":true,"href":"https:\/\/www.veg-sys.de\/wp\/index.php?rest_route=%2Fwp%2Fv2%2Fcomments&post=4787"}],"version-history":[{"count":7,"href":"https:\/\/www.veg-sys.de\/wp\/index.php?rest_route=\/wp\/v2\/pages\/4787\/revisions"}],"predecessor-version":[{"id":6324,"href":"https:\/\/www.veg-sys.de\/wp\/index.php?rest_route=\/wp\/v2\/pages\/4787\/revisions\/6324"}],"up":[{"embeddable":true,"href":"https:\/\/www.veg-sys.de\/wp\/index.php?rest_route=\/wp\/v2\/pages\/1942"}],"wp:attachment":[{"href":"https:\/\/www.veg-sys.de\/wp\/index.php?rest_route=%2Fwp%2Fv2%2Fmedia&parent=4787"}],"curies":[{"name":"wp","href":"https:\/\/api.w.org\/{rel}","templated":true}]}}