{"id":1948,"date":"2015-03-12T13:21:05","date_gmt":"2015-03-12T13:21:05","guid":{"rendered":"http:\/\/vegsys3.graphic-satz-layout.de\/?page_id=1948"},"modified":"2018-06-04T12:16:52","modified_gmt":"2018-06-04T12:16:52","slug":"impressum-3","status":"publish","type":"page","link":"https:\/\/www.veg-sys.de\/wp\/?page_id=1948","title":{"rendered":"Impressum"},"content":{"rendered":"<div class=\"art-content-layout layout-item-0\">\n<div class=\"art-content-layout-row\">\n<div style=\"width: 101%; background: rgba(255, 255, 255, 1); z-index: -22; margin: 3px; margin-left: -3px; border-bottom-left-radius: 3px; border-bottom-right-radius: 3px; border-top-left-radius: 3px; border-top-right-radius: 3px;\">\n<div class=\"art-layout-cell layout-item-1\" style=\"width: 100%;\">\n<h4><span style=\"font-size: 18px; color: #99cc00;\">Impressum<\/span><\/h4>\n<h4>&nbsp;<\/h4>\n<table border=\"no\">\n<td>\n<tr>\n<span style=\"color: #808080;\"><b>Verantwortlich lt. Paragraf 5 des Telemediengesetzes (TMG): <\/b><\/span><\/tr>\n<tr>\n<span style=\"color: #808080;\">Siemsen &amp; Lasak Vegetationssysteme GbR<\/span><br \/>\n<span style=\"color: #808080;\"> Schumannstra\u00dfe 6<\/span><br \/>\n<span style=\"color: #808080;\"> 27753 Delmenhorst<\/span><br \/>\n<span style=\"color: #808080;\">Gesellschafter:<\/span><br \/>\n<span style=\"color: #808080;\"> Michael Siemsen, Krzysztof Lasak<\/span><br \/>\n<span style=\"color: #808080;\"> Gerichtsstand: Amtsgericht Delmenhorst<\/span><br \/>\n<\/tr>\n<tr>\n<span style=\"color: #808080;\">USt-Id-Nr.: DE 273 176 734<\/span><br \/>\n<\/tr>\n<p><\/p>\n<tr>\n<span style=\"color: #808080;\">Telefon 04221-28 59 025<\/span><br \/>\n<span style=\"color: #808080;\"> E-Mail: info@veg-sys.de<\/span><br \/>\n<span style=\"color: #808080;\">Web: www.veg-sys.de<\/span><\/p>\n<div style=\"background: rgba(220, 220, 220, 1); border-radius: 3px; padding: 10px 10px 10px 10px;\"><span style=\"color: #000000;\"><b>Haftungshinweis:<\/b><\/span><br \/><\/tr>\n<p>\n<span style=\"color: #000000;\"> Trotz sorgf\u00e4ltiger inhaltlicher Kontrolle \u00fcbernehmen wir keine Haftung f\u00fcr die Inhalte externer Links. F\u00fcr den Inhalt der verlinkten Seiten sind ausschlie\u00dflich deren Betreiber verantwortlich.<\/span><\/div>\n<\/tr>\n<tr>\n<span style=\"color: #808080; font-size: 11px;\"> Webdesign:<br \/>\nB\u00fcro f\u00fcr Print &amp; Web |  www.graphic-satz-layout.de<br \/>\n<\/span><br \/><\/tr>\n<\/td>\n<\/table>\n<\/div>\n<\/div>\n<\/div>\n","protected":false},"excerpt":{"rendered":"<p>Impressum &nbsp; Verantwortlich lt. Paragraf 5 des Telemediengesetzes (TMG): Siemsen &amp; Lasak Vegetationssysteme GbR Schumannstra\u00dfe 6 27753 Delmenhorst Gesellschafter: Michael Siemsen, Krzysztof Lasak Gerichtsstand: Amtsgericht Delmenhorst USt-Id-Nr.: DE 273 176 734 Telefon 04221-28 59 025 E-Mail: info@veg-sys.de Web: www.veg-sys.de Haftungshinweis: Trotz sorgf\u00e4ltiger inhaltlicher Kontrolle \u00fcbernehmen wir keine Haftung f\u00fcr die Inhalte externer Links. F\u00fcr den [&hellip;]<\/p>\n","protected":false},"author":1,"featured_media":0,"parent":0,"menu_order":9,"comment_status":"closed","ping_status":"closed","template":"","meta":[],"_links":{"self":[{"href":"https:\/\/www.veg-sys.de\/wp\/index.php?rest_route=\/wp\/v2\/pages\/1948"}],"collection":[{"href":"https:\/\/www.veg-sys.de\/wp\/index.php?rest_route=\/wp\/v2\/pages"}],"about":[{"href":"https:\/\/www.veg-sys.de\/wp\/index.php?rest_route=\/wp\/v2\/types\/page"}],"author":[{"embeddable":true,"href":"https:\/\/www.veg-sys.de\/wp\/index.php?rest_route=\/wp\/v2\/users\/1"}],"replies":[{"embeddable":true,"href":"https:\/\/www.veg-sys.de\/wp\/index.php?rest_route=%2Fwp%2Fv2%2Fcomments&post=1948"}],"version-history":[{"count":109,"href":"https:\/\/www.veg-sys.de\/wp\/index.php?rest_route=\/wp\/v2\/pages\/1948\/revisions"}],"predecessor-version":[{"id":4794,"href":"https:\/\/www.veg-sys.de\/wp\/index.php?rest_route=\/wp\/v2\/pages\/1948\/revisions\/4794"}],"wp:attachment":[{"href":"https:\/\/www.veg-sys.de\/wp\/index.php?rest_route=%2Fwp%2Fv2%2Fmedia&parent=1948"}],"curies":[{"name":"wp","href":"https:\/\/api.w.org\/{rel}","templated":true}]}}