{"id":1941,"date":"2015-03-12T13:20:58","date_gmt":"2015-03-12T13:20:58","guid":{"rendered":"http:\/\/vegsys3.graphic-satz-layout.de\/?page_id=1941"},"modified":"2021-02-05T15:56:50","modified_gmt":"2021-02-05T15:56:50","slug":"new-page-3-4","status":"publish","type":"page","link":"https:\/\/www.veg-sys.de\/wp\/?page_id=1941","title":{"rendered":"Ueber uns"},"content":{"rendered":"<section data-kc-equalheight=\"true\" data-kc-equalheight-align=\"middle\" data-kc-fullwidth=\"content\" class=\"kc-elm kc-css-261965 kc_row\"><div class=\"kc-row-container\"><div class=\"kc-wrap-columns\"><div class=\"kc-elm kc-css-931854 kc_col-sm-8 kc_column kc_col-sm-8\"><div class=\"kc-col-container\"><div class=\"kc-elm kc-css-834766 kc-raw-code\"><div style=\"padding-right: 6px;padding-left: 4px;padding-bottom:5px;\"><div id=\"metaslider-id-2657\" style=\"width: 100%; margin: 0 auto;\" class=\"ml-slider-3-24-0 metaslider metaslider-flex metaslider-2657 ml-slider\">\n    <div id=\"metaslider_container_2657\">\n        <div id=\"metaslider_2657\">\n            <ul aria-live=\"polite\" class=\"slides\">\n                <li style=\"display: block; width: 100%;\" class=\"slide-2659 ms-image\"><img src=\"https:\/\/www.veg-sys.de\/wp\/wp-content\/uploads\/2018\/01\/pageback4-800-6-600x450.jpg\" height=\"450\" width=\"600\" alt=\"\" class=\"slider-2657 slide-2659\" \/><\/li>\n                <li style=\"display: none; width: 100%;\" class=\"slide-2687 ms-image\"><img src=\"https:\/\/www.veg-sys.de\/wp\/wp-content\/uploads\/2018\/01\/MattenanbauP1010033-600x450.png\" height=\"450\" width=\"600\" alt=\"\" class=\"slider-2657 slide-2687\" \/><\/li>\n                <li style=\"display: none; width: 100%;\" class=\"slide-2691 ms-image\"><img src=\"https:\/\/www.veg-sys.de\/wp\/wp-content\/uploads\/2018\/01\/MattenanbauP1010023-600x450.png\" height=\"450\" width=\"600\" alt=\"\" class=\"slider-2657 slide-2691\" \/><\/li>\n            <\/ul>\n        <\/div>\n        \n    <\/div>\n<\/div><\/div><\/div><\/div><\/div><div class=\"kc-elm kc-css-507317 kc_col-sm-4 kc_column kc_col-sm-4\"><div class=\"kc-col-container\"><div class=\"kc-elm kc-css-378105 kc_text_block\"><\/p>\n<h4>\u00a0\u201eAm Anfang war die Idee &#8230; \u201c<\/h4>\n<p><span style=\"color: #808080;\">Siemsen &amp; Lasak Vegetationssysteme wurde im Jahr 2010 durch zwei Mitarbeiter aus einer der als Pionier in extensiven Dachbegr\u00fcnung bekannten Firma ausgegr\u00fcndet. Durch die F\u00f6rderung der mit einer mehr als 40 j\u00e4hrigen Erfahrung auf diesem Gebiet arbeitenden Gesch\u00e4fts- f\u00fchrung waren bereits zu Beginn gute Startbedingungen gegeben. Die langj\u00e4hrige Erfahrung der beiden Gesellschafter in Forschung und Entwicklung sowie die erhebliche praktische Erfahrung bei der Anwendung von entwickelten Vegetationssystemen auf fast allen Kontinenten waren perfekte Voraussetzungen, um ein innovatives Unternehmen zu gr\u00fcnden.<\/span><br \/><span style=\"color: #808080;\">Wir haben uns dabei zum Ziel gesetzt die bereits auf dem Markt befindlichen Systeme durch neue zu erweitern. Damit sind wir erfolgreich seit unserer Gr\u00fcndung.<\/span><br \/><span style=\"color: #808080;\">Jedes von uns entwickelte Vegetations- system basiert auf unserer mehrj\u00e4hrigen Erfahrung \u2013 Hierf\u00fcr steht unser Name!<\/span><\/p>\n<p>\n<\/div><\/div><\/div><\/div><\/div><\/section>\n","protected":false},"excerpt":{"rendered":"","protected":false},"author":1,"featured_media":0,"parent":0,"menu_order":2,"comment_status":"closed","ping_status":"closed","template":"","meta":[],"_links":{"self":[{"href":"https:\/\/www.veg-sys.de\/wp\/index.php?rest_route=\/wp\/v2\/pages\/1941"}],"collection":[{"href":"https:\/\/www.veg-sys.de\/wp\/index.php?rest_route=\/wp\/v2\/pages"}],"about":[{"href":"https:\/\/www.veg-sys.de\/wp\/index.php?rest_route=\/wp\/v2\/types\/page"}],"author":[{"embeddable":true,"href":"https:\/\/www.veg-sys.de\/wp\/index.php?rest_route=\/wp\/v2\/users\/1"}],"replies":[{"embeddable":true,"href":"https:\/\/www.veg-sys.de\/wp\/index.php?rest_route=%2Fwp%2Fv2%2Fcomments&post=1941"}],"version-history":[{"count":289,"href":"https:\/\/www.veg-sys.de\/wp\/index.php?rest_route=\/wp\/v2\/pages\/1941\/revisions"}],"predecessor-version":[{"id":5346,"href":"https:\/\/www.veg-sys.de\/wp\/index.php?rest_route=\/wp\/v2\/pages\/1941\/revisions\/5346"}],"wp:attachment":[{"href":"https:\/\/www.veg-sys.de\/wp\/index.php?rest_route=%2Fwp%2Fv2%2Fmedia&parent=1941"}],"curies":[{"name":"wp","href":"https:\/\/api.w.org\/{rel}","templated":true}]}}