{"id":1877,"date":"2015-03-12T12:34:22","date_gmt":"2015-03-12T12:34:22","guid":{"rendered":"http:\/\/vegsys3.graphic-satz-layout.de\/?page_id=1877"},"modified":"2021-02-05T16:23:13","modified_gmt":"2021-02-05T16:23:13","slug":"verkaufvertrieb-3","status":"publish","type":"page","link":"https:\/\/www.veg-sys.de\/wp\/?page_id=1877","title":{"rendered":"Verkauf &#038; Vertrieb"},"content":{"rendered":"<div class=\"art-content-layout layout-item-old-0\" style=\"margin-top: -1px;\">\n<div class=\"art-content-layout-row\">\n<div class=\"art-layout-cell layout-item-old-1\">\n<h4><span style=\"color: #99cc00;\">Verkauf &amp; Vertrieb<\/span><\/h4>\n<div>&nbsp;<\/div>\n<p>Wir beraten Sie und installieren komplette Vegetationssysteme, um Ihre Ideen zu verwirklichen. Sie k\u00f6nnen uns beispielsweise \u00fcber das Kontaktformular erreichen. Unsere Produkte sind auch \u00fcber folgende Partner zu beziehen:<\/p>\n<\/div>\n<\/div>\n<div class=\"art-content-layout layout-item-old-0\" style=\"width: 101%; margin-left: -4px;\">\n<div class=\"art-content-layout-row\">\n<div class=\"art-layout-cell layout-item-old-1\">\n<div class=\"art-content-layout-row\">\n<p><span style=\"font-weight: bold;\"><span style=\"font-weight: bold;\">Vertrieb an Wiederverk\u00e4ufer und Endkunden in Frankreich:<\/span><\/span><a> Bryflor \/ <\/a><a style=\"color: #99cc00;\" href=\"http:\/\/www.bryoflor.com\" target=\"_blank\" rel=\"noopener noreferrer\">www.bryoflor.com<\/a><\/p>\n<hr><\/div>\n<div class=\"art-content-layout-row\">\n<p><span style=\"font-weight: bold;\"><span style=\"font-weight: bold;\">Vertrieb an Wiederverk\u00e4ufer und Endkunden in Norwegen:<\/span><\/span><a> Vital Vekst AS \/ <\/a><a style=\"color: #99cc00;\" href=\"http:\/\/www.vitalvekst.no\" target=\"_blank\" rel=\"noopener noreferrer\">www.vitalvekst.no<\/a><\/p>\n<hr><\/div>\n<div class=\"art-content-layout-row\">\n<p><span style=\"font-weight: bold;\"><span style=\"font-weight: bold;\">Vertrieb von Moosmatten an Wiederverk\u00e4ufer und Endkunden in Schweiz:<\/span><\/span><a> Hunn Begr\u00fcnungen \/ <\/a><a style=\"color: #99cc00;\" href=\"http:\/\/www.begruenungen-hunn.ch\" target=\"_blank\" rel=\"noopener noreferrer\">www.begruenungen-hunn.ch<\/a><\/p>\n<hr><\/div>\n<div class=\"art-content-layout-row\">\n<p><span style=\"font-weight: bold;\"><span style=\"font-weight: bold;\">Vertrieb an Wiederverk\u00e4ufer und Endkunden in \u00d6sterreich:<\/span><\/span><a> Green Wall Tec GmbH \/ <\/a><a href=\"_wp_link_placeholder\" data-wplink-edit=\"true\"><span class=\"art-a2\">www.greencitylive.com<\/span><\/a><\/p>\n<hr><\/div>\n<div class=\"art-content-layout-row\">\n<p><span style=\"font-weight: bold;\"><span style=\"font-weight: bold;\">\u00dcbriges Europa:<\/span><\/span><a> Siemsen &amp; Lasak Vegetationssysteme GbR <\/a><\/p>\n<\/div>\n<\/div>\n<\/div>\n<\/div>\n<\/div>\n\n\n<p><\/p>\n","protected":false},"excerpt":{"rendered":"<p>Verkauf &amp; Vertrieb &nbsp; Wir beraten Sie und installieren komplette Vegetationssysteme, um Ihre Ideen zu verwirklichen. Sie k\u00f6nnen uns beispielsweise \u00fcber das Kontaktformular erreichen. Unsere Produkte sind auch \u00fcber folgende Partner zu beziehen: Vertrieb an Wiederverk\u00e4ufer und Endkunden in Frankreich: Bryflor \/ www.bryoflor.com Vertrieb an Wiederverk\u00e4ufer und Endkunden in Norwegen: Vital Vekst AS \/ www.vitalvekst.no [&hellip;]<\/p>\n","protected":false},"author":1,"featured_media":0,"parent":0,"menu_order":10,"comment_status":"closed","ping_status":"closed","template":"","meta":[],"_links":{"self":[{"href":"https:\/\/www.veg-sys.de\/wp\/index.php?rest_route=\/wp\/v2\/pages\/1877"}],"collection":[{"href":"https:\/\/www.veg-sys.de\/wp\/index.php?rest_route=\/wp\/v2\/pages"}],"about":[{"href":"https:\/\/www.veg-sys.de\/wp\/index.php?rest_route=\/wp\/v2\/types\/page"}],"author":[{"embeddable":true,"href":"https:\/\/www.veg-sys.de\/wp\/index.php?rest_route=\/wp\/v2\/users\/1"}],"replies":[{"embeddable":true,"href":"https:\/\/www.veg-sys.de\/wp\/index.php?rest_route=%2Fwp%2Fv2%2Fcomments&post=1877"}],"version-history":[{"count":172,"href":"https:\/\/www.veg-sys.de\/wp\/index.php?rest_route=\/wp\/v2\/pages\/1877\/revisions"}],"predecessor-version":[{"id":5350,"href":"https:\/\/www.veg-sys.de\/wp\/index.php?rest_route=\/wp\/v2\/pages\/1877\/revisions\/5350"}],"wp:attachment":[{"href":"https:\/\/www.veg-sys.de\/wp\/index.php?rest_route=%2Fwp%2Fv2%2Fmedia&parent=1877"}],"curies":[{"name":"wp","href":"https:\/\/api.w.org\/{rel}","templated":true}]}}